{"id":1567,"date":"2015-07-22T17:57:44","date_gmt":"2015-07-22T17:57:44","guid":{"rendered":"https:\/\/www.ceylonta.com\/beta\/?page_id=1567"},"modified":"2016-08-30T12:29:50","modified_gmt":"2016-08-30T16:29:50","slug":"wine-menu","status":"publish","type":"page","link":"https:\/\/ceylonta.ca\/fr\/wine-menu\/","title":{"rendered":"Le menu du vin"},"content":{"rendered":"<div class=\"wpb-content-wrapper\"><p>[vc_row css=\u00a0\u00bb.vc_custom_1445730053083{padding-top: 50px !important;padding-bottom: 50px !important;}\u00a0\u00bb][vc_column][vc_column_text]<\/p>\n<div style=\"color: #c79c60; font-size: 36px; padding-bottom: 10px; font-family: OpenSans-Bold !important; text-align: center;\">Le menu <span style=\"color: #333; font-family: OpenSans-Light !important;\">du vin<\/span><\/div>\n<p>Nous offrons une grande vari\u00e9t\u00e9 de vins pour vous servir au restaurant Ceylonta et chacun de nos deux sites (\u00e0 Carling avenue et de la rue Somerset) porte une autre s\u00e9lection.[\/vc_column_text][\/vc_column][\/vc_row][vc_row][vc_column][vc_column_text]<\/p>\n<div class=\"groupmenu\">\n<div class=\"menu_div\">\n<div class=\"menu_left\">\n<h3 style=\"text-align: center;\">Vin de maison<\/h3>\n<div class=\"para\">\n<div style=\"text-align: center;\"><b>Kressmann Sel. (France)<\/b><br \/>\nRuby red colour, bell pepper, fruit and berry flavour,<br \/>\nlight tannin, medium fruit. Serve with spicy foods.<br \/>\n<b>Available red or white.<\/b><br \/>\nGlass (6 oz): $3.95, &amp;nbsp;1\/2 lL: $10.95, 1L: $18.95<\/div>\n<\/div>\n<\/div>\n<p>&nbsp;<\/p>\n<div class=\"menu_left\">\n<h3 style=\"text-align: center;\">Red Wine<\/h3>\n<div class=\"para\">\n<div style=\"text-align: center;\"><b>Prei\u00a0<\/b><b>quita (0)<\/b><\/div>\n<\/div>\n<div class=\"para\">\n<div style=\"text-align: center;\">A Portuguese muscat, light with floral tones and a smooth finish.<br \/>\n<b>Carte Noire Cotes du Rhone(France)<\/b><br \/>\nCherry red colour, berry nose and flavour, short tart finish.<br \/>\n<b>Lindemans Bin 50<\/b><br \/>\nAn Australian shiraz with lively fruit enhanced by subtle oak.<br \/>\n<b>Fortant de France Cabernet Sauvignon (France)<\/b><br \/>\nBlack currant plum and fruit nose, with light touch of mint,<br \/>\nfruit carries through in flavour, with firm tannin.<br \/>\n<b>Pisse dru (0)<\/b><br \/>\nA nicely balanced French wine made from gamay noir grapes,<br \/>\ndelicately fruity.<br \/>\n<b>Brouilly Georges Duboeuf (0)<\/b><br \/>\nAn excellent light bodied French wine, more subdued beaujolais.<\/div>\n<\/div>\n<\/div>\n<p>&nbsp;<\/p>\n<div class=\"menu_left\">\n<h3 style=\"text-align: center;\">White Wine<\/h3>\n<div class=\"para\">\n<div style=\"text-align: center;\"><b>Mosel Gold (2)<\/b><br \/>\nA German riesling with medium sweetness, hints of apple,<br \/>\na good choice with most dishes.<br \/>\n<b>Roberts Rock (0)<\/b><br \/>\nA light South African chenin blanc\/chardonnay blend.<br \/>\n<b>Pelee Island (2)<\/b><br \/>\nA Canadian gewurztraminer with spicy aroma,<br \/>\nexotic taste of mango and peaches.<br \/>\n<b>Fetzer (1)<\/b><br \/>\nA California fume blnac with melon and herbal flavors.<br \/>\n<b>Carte Noire Cotes du Rhone (France)<\/b><br \/>\nLemon\/grape fruit aroma, crisp green apple flavour, short clean finish.<br \/>\n<b>Lindemans Bin 65 (0)<\/b><br \/>\nAn Australian Chaerdonnay with Hints of Citrus and slight aci<\/div>\n<\/div>\n<\/div>\n<div class=\"menu_left\"><\/div>\n<div class=\"menu_left\">\n<div class=\"para\">\n<div style=\"text-align: center;\">city.<\/div>\n<\/div>\n<\/div>\n<p>&nbsp;<\/p>\n<div class=\"menu_left\">\n<h3 style=\"text-align: center;\">Ceylo<\/h3>\n<\/div>\n<div class=\"menu_left\">\n<h3 style=\"text-align: center;\">nta&rsquo;s Special Cocktails<\/h3>\n<\/div>\n<div class=\"menu_left\">\n<div class=\"para\">\n<div style=\"text-align: center;\"><b>Ramba<\/b><br \/>\nRum, Mango Lassi<br \/>\n<b>Pa<\/b><b><\/b><b><\/b><b><\/b><b>ssona<\/b><br \/>\nRum, Passion Fruit, Ginger Ale<br \/>\n<b>Ceylo<\/b><b><\/b><b><\/b><b><\/b><b>nta&rsquo;s Tea Punch<\/b><br \/>\nIced Tea, Whisky, Ginger Ale<br \/>\n<b>Jaffna Bliss<\/b><br \/>\nIced Tea, Gin, Lemon Juice<\/div>\n<\/div>\n<\/div>\n<p>&nbsp;<\/p>\n<div class=\"menu_left\">\n<h3 style=\"text-align: center;\">Cocktails (1 1\/4 oz)<\/h3>\n<div class=\"para\">\n<div style=\"text-align: center;\"><b>Singapore Sling<\/b><br \/>\nGin, Cherry Brandy, Grenadine and Lemon Juice.<br \/>\n<b>Madras<\/b><br \/>\nVodka, Cranberry Juice and Orange Juice.<br \/>\n<b>Black Russian<\/b><br \/>\nVodka and Kalhua.<br \/>\n<b><\/b><b><\/b><b>B52<\/b><br \/>\nKalhua, Baileys and Grand Marnier.<br \/>\n<b>Screwdriver<\/b><br \/>\nVodka and Orange Juice.<\/div>\n<\/div>\n<\/div>\n<\/div>\n<\/div>\n<p>[\/vc_column_text][\/vc_column][\/vc_row]<\/p>\n<\/div>","protected":false},"excerpt":{"rendered":"<p>[vc_row css=\u00a0\u00bb.vc_custom_1445730053083{padding-top: 50px !important;padding-bottom: 50px !important;}\u00a0\u00bb][vc_column][vc_column_text] Le menu du vin Nous offrons une grande vari\u00e9t\u00e9 de vins pour vous servir au restaurant Ceylonta et chacun de nos deux sites (\u00e0 Carling avenue et de la rue Somerset) porte une autre s\u00e9lection.[\/vc_column_text][\/vc_column][\/vc_row][vc_row][vc_column][vc_column_text] Vin de maison Kressmann Sel. (France) Ruby red colour, bell pepper, fruit and berry [&hellip;]<\/p>\n","protected":false},"author":1,"featured_media":0,"parent":0,"menu_order":0,"comment_status":"closed","ping_status":"closed","template":"","meta":{"_exactmetrics_skip_tracking":false,"_exactmetrics_sitenote_active":false,"_exactmetrics_sitenote_note":"","_exactmetrics_sitenote_category":0,"footnotes":""},"class_list":["post-1567","page","type-page","status-publish","hentry"],"yoast_head":"<!-- This site is optimized with the Yoast SEO plugin v27.2 - https:\/\/yoast.com\/product\/yoast-seo-wordpress\/ -->\n<title>Le menu du vin - Ceylonta<\/title>\n<meta name=\"robots\" content=\"index, follow, max-snippet:-1, max-image-preview:large, max-video-preview:-1\" \/>\n<link rel=\"canonical\" href=\"https:\/\/ceylonta.ca\/wine-menu\/\" \/>\n<meta property=\"og:locale\" content=\"fr_FR\" \/>\n<meta property=\"og:type\" content=\"article\" \/>\n<meta property=\"og:title\" content=\"Le menu du vin - Ceylonta\" \/>\n<meta property=\"og:description\" content=\"[vc_row css=\u00a0\u00bb.vc_custom_1445730053083{padding-top: 50px !important;padding-bottom: 50px !important;}\u00a0\u00bb][vc_column][vc_column_text] Le menu du vin Nous offrons une grande vari\u00e9t\u00e9 de vins pour vous servir au restaurant Ceylonta et chacun de nos deux sites (\u00e0 Carling avenue et de la rue Somerset) porte une autre s\u00e9lection.[\/vc_column_text][\/vc_column][\/vc_row][vc_row][vc_column][vc_column_text] Vin de maison Kressmann Sel. (France) Ruby red colour, bell pepper, fruit and berry [&hellip;]\" \/>\n<meta property=\"og:url\" content=\"https:\/\/ceylonta.ca\/wine-menu\/\" \/>\n<meta property=\"og:site_name\" content=\"Ceylonta\" \/>\n<meta property=\"article:modified_time\" content=\"2016-08-30T16:29:50+00:00\" \/>\n<meta name=\"twitter:card\" content=\"summary_large_image\" \/>\n<meta name=\"twitter:label1\" content=\"Dur\u00e9e de lecture estim\u00e9e\" \/>\n\t<meta name=\"twitter:data1\" content=\"2 minutes\" \/>\n<script type=\"application\/ld+json\" class=\"yoast-schema-graph\">{\"@context\":\"https:\/\/schema.org\",\"@graph\":[{\"@type\":\"WebPage\",\"@id\":\"https:\/\/ceylonta.ca\/wine-menu\/\",\"url\":\"https:\/\/ceylonta.ca\/wine-menu\/\",\"name\":\"Le menu du vin - Ceylonta\",\"isPartOf\":{\"@id\":\"https:\/\/ceylonta.ca\/en\/#website\"},\"datePublished\":\"2015-07-22T17:57:44+00:00\",\"dateModified\":\"2016-08-30T16:29:50+00:00\",\"breadcrumb\":{\"@id\":\"https:\/\/ceylonta.ca\/wine-menu\/#breadcrumb\"},\"inLanguage\":\"fr-FR\",\"potentialAction\":[{\"@type\":\"ReadAction\",\"target\":[\"https:\/\/ceylonta.ca\/wine-menu\/\"]}]},{\"@type\":\"BreadcrumbList\",\"@id\":\"https:\/\/ceylonta.ca\/wine-menu\/#breadcrumb\",\"itemListElement\":[{\"@type\":\"ListItem\",\"position\":1,\"name\":\"Home\",\"item\":\"https:\/\/ceylonta.ca\/\"},{\"@type\":\"ListItem\",\"position\":2,\"name\":\"Wine Menu\"}]},{\"@type\":\"WebSite\",\"@id\":\"https:\/\/ceylonta.ca\/en\/#website\",\"url\":\"https:\/\/ceylonta.ca\/en\/\",\"name\":\"Ceylonta\",\"description\":\"a restaurant serving Sri Lankan food.\",\"potentialAction\":[{\"@type\":\"SearchAction\",\"target\":{\"@type\":\"EntryPoint\",\"urlTemplate\":\"https:\/\/ceylonta.ca\/en\/?s={search_term_string}\"},\"query-input\":{\"@type\":\"PropertyValueSpecification\",\"valueRequired\":true,\"valueName\":\"search_term_string\"}}],\"inLanguage\":\"fr-FR\"}]}<\/script>\n<!-- \/ Yoast SEO plugin. -->","yoast_head_json":{"title":"Le menu du vin - Ceylonta","robots":{"index":"index","follow":"follow","max-snippet":"max-snippet:-1","max-image-preview":"max-image-preview:large","max-video-preview":"max-video-preview:-1"},"canonical":"https:\/\/ceylonta.ca\/wine-menu\/","og_locale":"fr_FR","og_type":"article","og_title":"Le menu du vin - Ceylonta","og_description":"[vc_row css=\u00a0\u00bb.vc_custom_1445730053083{padding-top: 50px !important;padding-bottom: 50px !important;}\u00a0\u00bb][vc_column][vc_column_text] Le menu du vin Nous offrons une grande vari\u00e9t\u00e9 de vins pour vous servir au restaurant Ceylonta et chacun de nos deux sites (\u00e0 Carling avenue et de la rue Somerset) porte une autre s\u00e9lection.[\/vc_column_text][\/vc_column][\/vc_row][vc_row][vc_column][vc_column_text] Vin de maison Kressmann Sel. (France) Ruby red colour, bell pepper, fruit and berry [&hellip;]","og_url":"https:\/\/ceylonta.ca\/wine-menu\/","og_site_name":"Ceylonta","article_modified_time":"2016-08-30T16:29:50+00:00","twitter_card":"summary_large_image","twitter_misc":{"Dur\u00e9e de lecture estim\u00e9e":"2 minutes"},"schema":{"@context":"https:\/\/schema.org","@graph":[{"@type":"WebPage","@id":"https:\/\/ceylonta.ca\/wine-menu\/","url":"https:\/\/ceylonta.ca\/wine-menu\/","name":"Le menu du vin - Ceylonta","isPartOf":{"@id":"https:\/\/ceylonta.ca\/en\/#website"},"datePublished":"2015-07-22T17:57:44+00:00","dateModified":"2016-08-30T16:29:50+00:00","breadcrumb":{"@id":"https:\/\/ceylonta.ca\/wine-menu\/#breadcrumb"},"inLanguage":"fr-FR","potentialAction":[{"@type":"ReadAction","target":["https:\/\/ceylonta.ca\/wine-menu\/"]}]},{"@type":"BreadcrumbList","@id":"https:\/\/ceylonta.ca\/wine-menu\/#breadcrumb","itemListElement":[{"@type":"ListItem","position":1,"name":"Home","item":"https:\/\/ceylonta.ca\/"},{"@type":"ListItem","position":2,"name":"Wine Menu"}]},{"@type":"WebSite","@id":"https:\/\/ceylonta.ca\/en\/#website","url":"https:\/\/ceylonta.ca\/en\/","name":"Ceylonta","description":"a restaurant serving Sri Lankan food.","potentialAction":[{"@type":"SearchAction","target":{"@type":"EntryPoint","urlTemplate":"https:\/\/ceylonta.ca\/en\/?s={search_term_string}"},"query-input":{"@type":"PropertyValueSpecification","valueRequired":true,"valueName":"search_term_string"}}],"inLanguage":"fr-FR"}]}},"_links":{"self":[{"href":"https:\/\/ceylonta.ca\/fr\/wp-json\/wp\/v2\/pages\/1567","targetHints":{"allow":["GET"]}}],"collection":[{"href":"https:\/\/ceylonta.ca\/fr\/wp-json\/wp\/v2\/pages"}],"about":[{"href":"https:\/\/ceylonta.ca\/fr\/wp-json\/wp\/v2\/types\/page"}],"author":[{"embeddable":true,"href":"https:\/\/ceylonta.ca\/fr\/wp-json\/wp\/v2\/users\/1"}],"replies":[{"embeddable":true,"href":"https:\/\/ceylonta.ca\/fr\/wp-json\/wp\/v2\/comments?post=1567"}],"version-history":[{"count":28,"href":"https:\/\/ceylonta.ca\/fr\/wp-json\/wp\/v2\/pages\/1567\/revisions"}],"predecessor-version":[{"id":2889,"href":"https:\/\/ceylonta.ca\/fr\/wp-json\/wp\/v2\/pages\/1567\/revisions\/2889"}],"wp:attachment":[{"href":"https:\/\/ceylonta.ca\/fr\/wp-json\/wp\/v2\/media?parent=1567"}],"curies":[{"name":"wp","href":"https:\/\/api.w.org\/{rel}","templated":true}]}}