{"id":1574,"date":"2014-10-21T09:10:25","date_gmt":"2014-10-21T09:10:25","guid":{"rendered":"https:\/\/www.ceylonta.com\/beta\/takeout-orders-2\/"},"modified":"2016-06-20T06:51:18","modified_gmt":"2016-06-20T10:51:18","slug":"catering","status":"publish","type":"page","link":"https:\/\/ceylonta.ca\/fr\/catering\/","title":{"rendered":"Restauration"},"content":{"rendered":"<div class=\"wpb-content-wrapper\"><p>[vc_row][vc_column width=\u00a0\u00bb1\/4&Prime;][\/vc_column][vc_column width=\u00a0\u00bb1\/2&Prime;][vc_widget_sidebar sidebar_id=\u00a0\u00bbwoocommerce_sidebar\u00a0\u00bb][\/vc_column][vc_column width=\u00a0\u00bb1\/4&Prime;][\/vc_column][\/vc_row][vc_row full_width=\u00a0\u00bbfalse\u00a0\u00bb row_responsive_large=\u00a0\u00bb\u00a0\u00bb row_responsive_medium=\u00a0\u00bb\u00a0\u00bb row_responsive_small=\u00a0\u00bb\u00a0\u00bb row_responsive_extra_small=\u00a0\u00bb\u00a0\u00bb dt_id=\u00a0\u00bb\u00a0\u00bb type=\u00a0\u00bb\u00a0\u00bb row_head_color=\u00a0\u00bb\u00a0\u00bb row_link_color=\u00a0\u00bb\u00a0\u00bb row_link_color_hover=\u00a0\u00bb\u00a0\u00bb same_height=\u00a0\u00bb\u00a0\u00bb animation=\u00a0\u00bb\u00a0\u00bb enable_parallax=\u00a0\u00bb\u00a0\u00bb parallax_speed=\u00a0\u00bb0.8&Prime; bg_video_color=\u00a0\u00bb\u00a0\u00bb bg_video_transparent=\u00a0\u00bb0&Prime; bg_video_src_mp4=\u00a0\u00bb\u00a0\u00bb bg_video_src_ogv=\u00a0\u00bb\u00a0\u00bb bg_video_src_webm=\u00a0\u00bb\u00a0\u00bb][vc_column column_responsive_large=\u00a0\u00bb\u00a0\u00bb column_responsive_medium=\u00a0\u00bb\u00a0\u00bb column_responsive_small=\u00a0\u00bb\u00a0\u00bb column_responsive_extra_small=\u00a0\u00bb\u00a0\u00bb column_2_responsive=\u00a0\u00bb\u00a0\u00bb animation=\u00a0\u00bb\u00a0\u00bb text_align=\u00a0\u00bb\u00a0\u00bb column_style=\u00a0\u00bb\u00a0\u00bb]<div class=\"woocommerce columns-4 \"><ul class=\"products columns-4\">\n<li class=\"product type-product post-1784 status-publish first instock product_cat-catering has-post-thumbnail taxable shipping-taxable purchasable product-type-simple\">\n\t<a href=\"https:\/\/ceylonta.ca\/fr\/take-out\/silver-non-vegetarian\/\" class=\"woocommerce-LoopProduct-link woocommerce-loop-product__link\"><\/a>\t<div class=\"woocommerce-product-inner\">\n\t\t<div class=\"woocommerce-product-header\">\n\t\t\t<a href=\"https:\/\/ceylonta.ca\/fr\/take-out\/silver-non-vegetarian\/\"><img loading=\"lazy\" decoding=\"async\" width=\"720\" height=\"576\" src=\"https:\/\/ceylonta.ca\/wp-content\/uploads\/2015\/08\/Silver-Non-Vegetarian-1.jpg\" class=\"attachment-woocommerce_thumbnail size-woocommerce_thumbnail\" alt=\"Silver \u2013 Non-Vegetarian\" srcset=\"https:\/\/ceylonta.ca\/wp-content\/uploads\/2015\/08\/Silver-Non-Vegetarian-1.jpg 720w, https:\/\/ceylonta.ca\/wp-content\/uploads\/2015\/08\/Silver-Non-Vegetarian-1-300x240.jpg 300w, https:\/\/ceylonta.ca\/wp-content\/uploads\/2015\/08\/Silver-Non-Vegetarian-1-600x480.jpg 600w\" sizes=\"auto, (max-width: 720px) 100vw, 720px\" \/><\/a>\n\t\t\t<div class=\"woocommerce-add-to-cart\">\n\t\t    \t<a href=\"https:\/\/ceylonta.ca\/fr\/take-out\/silver-non-vegetarian\/\" aria-describedby=\"woocommerce_loop_add_to_cart_link_describedby_1784\" data-quantity=\"1\" class=\"button product_type_simple add_to_cart_button ajax_add_to_cart\" data-product_id=\"1784\" data-product_sku=\"\" aria-label=\"Ajouter au panier\u00a0: &ldquo;Silver \u2013 Non-Vegetarian&rdquo;\" rel=\"nofollow\" data-success_message=\"\u00ab\u00a0Silver \u2013 Non-Vegetarian\u00a0\u00bb a \u00e9t\u00e9 ajout\u00e9 \u00e0 votre panier\">Select options<\/a>\t<span id=\"woocommerce_loop_add_to_cart_link_describedby_1784\" class=\"screen-reader-text\">\n\t\t\t<\/span>\n\t\t\t<\/div>\n\t\t<\/div>\n\t\t<div class=\"woocommerce-product-holder\">\n\t\t\t<a class=\"woocommerce-product-title\" href=\"https:\/\/ceylonta.ca\/fr\/take-out\/silver-non-vegetarian\/\">Silver \u2013 Non-Vegetarian<\/a>\n\t\t\t\n\t<span class=\"price\"><span class=\"woocommerce-Price-amount amount\"><bdi><span class=\"woocommerce-Price-currencySymbol\">&#36;<\/span>27.00<\/bdi><\/span><\/span>\n\t\t<\/div>\n\t<\/div>\n<\/li>\n<li class=\"product type-product post-1782 status-publish instock product_cat-catering has-post-thumbnail taxable shipping-taxable purchasable product-type-simple\">\n\t<a href=\"https:\/\/ceylonta.ca\/fr\/take-out\/gold-non-vegetarian\/\" class=\"woocommerce-LoopProduct-link woocommerce-loop-product__link\"><\/a>\t<div class=\"woocommerce-product-inner\">\n\t\t<div class=\"woocommerce-product-header\">\n\t\t\t<a href=\"https:\/\/ceylonta.ca\/fr\/take-out\/gold-non-vegetarian\/\"><img loading=\"lazy\" decoding=\"async\" width=\"720\" height=\"576\" src=\"https:\/\/ceylonta.ca\/wp-content\/uploads\/2015\/08\/Gold-Non-Vegetarian.jpg\" class=\"attachment-woocommerce_thumbnail size-woocommerce_thumbnail\" alt=\"Gold \u2013 Non-Vegetarian\" srcset=\"https:\/\/ceylonta.ca\/wp-content\/uploads\/2015\/08\/Gold-Non-Vegetarian.jpg 720w, https:\/\/ceylonta.ca\/wp-content\/uploads\/2015\/08\/Gold-Non-Vegetarian-300x240.jpg 300w, https:\/\/ceylonta.ca\/wp-content\/uploads\/2015\/08\/Gold-Non-Vegetarian-600x480.jpg 600w\" sizes=\"auto, (max-width: 720px) 100vw, 720px\" \/><\/a>\n\t\t\t<div class=\"woocommerce-add-to-cart\">\n\t\t    \t<a href=\"https:\/\/ceylonta.ca\/fr\/take-out\/gold-non-vegetarian\/\" aria-describedby=\"woocommerce_loop_add_to_cart_link_describedby_1782\" data-quantity=\"1\" class=\"button product_type_simple add_to_cart_button ajax_add_to_cart\" data-product_id=\"1782\" data-product_sku=\"\" aria-label=\"Ajouter au panier\u00a0: &ldquo;Gold \u2013 Non-Vegetarian&rdquo;\" rel=\"nofollow\" data-success_message=\"\u00ab\u00a0Gold \u2013 Non-Vegetarian\u00a0\u00bb a \u00e9t\u00e9 ajout\u00e9 \u00e0 votre panier\">Select options<\/a>\t<span id=\"woocommerce_loop_add_to_cart_link_describedby_1782\" class=\"screen-reader-text\">\n\t\t\t<\/span>\n\t\t\t<\/div>\n\t\t<\/div>\n\t\t<div class=\"woocommerce-product-holder\">\n\t\t\t<a class=\"woocommerce-product-title\" href=\"https:\/\/ceylonta.ca\/fr\/take-out\/gold-non-vegetarian\/\">Gold \u2013 Non-Vegetarian<\/a>\n\t\t\t\n\t<span class=\"price\"><span class=\"woocommerce-Price-amount amount\"><bdi><span class=\"woocommerce-Price-currencySymbol\">&#36;<\/span>33.00<\/bdi><\/span><\/span>\n\t\t<\/div>\n\t<\/div>\n<\/li>\n<li class=\"product type-product post-1749 status-publish instock product_cat-catering has-post-thumbnail taxable shipping-taxable purchasable product-type-simple\">\n\t<a href=\"https:\/\/ceylonta.ca\/fr\/take-out\/gold-vegetarian\/\" class=\"woocommerce-LoopProduct-link woocommerce-loop-product__link\"><\/a>\t<div class=\"woocommerce-product-inner\">\n\t\t<div class=\"woocommerce-product-header\">\n\t\t\t<a href=\"https:\/\/ceylonta.ca\/fr\/take-out\/gold-vegetarian\/\"><img loading=\"lazy\" decoding=\"async\" width=\"409\" height=\"323\" src=\"https:\/\/ceylonta.ca\/wp-content\/uploads\/2017\/04\/ceylonta-thali.jpg\" class=\"attachment-woocommerce_thumbnail size-woocommerce_thumbnail\" alt=\"Gold \u2013 Vegetarian\" srcset=\"https:\/\/ceylonta.ca\/wp-content\/uploads\/2017\/04\/ceylonta-thali.jpg 409w, https:\/\/ceylonta.ca\/wp-content\/uploads\/2017\/04\/ceylonta-thali-300x237.jpg 300w\" sizes=\"auto, (max-width: 409px) 100vw, 409px\" \/><\/a>\n\t\t\t<div class=\"woocommerce-add-to-cart\">\n\t\t    \t<a href=\"https:\/\/ceylonta.ca\/fr\/take-out\/gold-vegetarian\/\" aria-describedby=\"woocommerce_loop_add_to_cart_link_describedby_1749\" data-quantity=\"1\" class=\"button product_type_simple add_to_cart_button ajax_add_to_cart\" data-product_id=\"1749\" data-product_sku=\"\" aria-label=\"Ajouter au panier\u00a0: &ldquo;Gold \u2013 Vegetarian&rdquo;\" rel=\"nofollow\" data-success_message=\"\u00ab\u00a0Gold \u2013 Vegetarian\u00a0\u00bb a \u00e9t\u00e9 ajout\u00e9 \u00e0 votre panier\">Select options<\/a>\t<span id=\"woocommerce_loop_add_to_cart_link_describedby_1749\" class=\"screen-reader-text\">\n\t\t\t<\/span>\n\t\t\t<\/div>\n\t\t<\/div>\n\t\t<div class=\"woocommerce-product-holder\">\n\t\t\t<a class=\"woocommerce-product-title\" href=\"https:\/\/ceylonta.ca\/fr\/take-out\/gold-vegetarian\/\">Gold \u2013 Vegetarian<\/a>\n\t\t\t\n\t<span class=\"price\"><span class=\"woocommerce-Price-amount amount\"><bdi><span class=\"woocommerce-Price-currencySymbol\">&#36;<\/span>30.00<\/bdi><\/span><\/span>\n\t\t<\/div>\n\t<\/div>\n<\/li>\n<li class=\"product type-product post-1783 status-publish last instock product_cat-catering has-post-thumbnail taxable shipping-taxable purchasable product-type-simple\">\n\t<a href=\"https:\/\/ceylonta.ca\/fr\/take-out\/silver-vegetarian\/\" class=\"woocommerce-LoopProduct-link woocommerce-loop-product__link\"><\/a>\t<div class=\"woocommerce-product-inner\">\n\t\t<div class=\"woocommerce-product-header\">\n\t\t\t<a href=\"https:\/\/ceylonta.ca\/fr\/take-out\/silver-vegetarian\/\"><img loading=\"lazy\" decoding=\"async\" width=\"870\" height=\"870\" src=\"https:\/\/ceylonta.ca\/wp-content\/uploads\/2017\/02\/Thali-870x870.jpg\" class=\"attachment-woocommerce_thumbnail size-woocommerce_thumbnail\" alt=\"Silver \u2013 Vegetarian\" srcset=\"https:\/\/ceylonta.ca\/wp-content\/uploads\/2017\/02\/Thali-870x870.jpg 870w, https:\/\/ceylonta.ca\/wp-content\/uploads\/2017\/02\/Thali-100x100.jpg 100w, https:\/\/ceylonta.ca\/wp-content\/uploads\/2017\/02\/Thali-150x150.jpg 150w, https:\/\/ceylonta.ca\/wp-content\/uploads\/2017\/02\/Thali-66x66.jpg 66w, https:\/\/ceylonta.ca\/wp-content\/uploads\/2017\/02\/Thali-450x450.jpg 450w, https:\/\/ceylonta.ca\/wp-content\/uploads\/2017\/02\/Thali-50x50.jpg 50w\" sizes=\"auto, (max-width: 870px) 100vw, 870px\" \/><\/a>\n\t\t\t<div class=\"woocommerce-add-to-cart\">\n\t\t    \t<a href=\"https:\/\/ceylonta.ca\/fr\/take-out\/silver-vegetarian\/\" aria-describedby=\"woocommerce_loop_add_to_cart_link_describedby_1783\" data-quantity=\"1\" class=\"button product_type_simple add_to_cart_button ajax_add_to_cart\" data-product_id=\"1783\" data-product_sku=\"\" aria-label=\"Ajouter au panier\u00a0: &ldquo;Silver \u2013 Vegetarian&rdquo;\" rel=\"nofollow\" data-success_message=\"\u00ab\u00a0Silver \u2013 Vegetarian\u00a0\u00bb a \u00e9t\u00e9 ajout\u00e9 \u00e0 votre panier\">Select options<\/a>\t<span id=\"woocommerce_loop_add_to_cart_link_describedby_1783\" class=\"screen-reader-text\">\n\t\t\t<\/span>\n\t\t\t<\/div>\n\t\t<\/div>\n\t\t<div class=\"woocommerce-product-holder\">\n\t\t\t<a class=\"woocommerce-product-title\" href=\"https:\/\/ceylonta.ca\/fr\/take-out\/silver-vegetarian\/\">Silver \u2013 Vegetarian<\/a>\n\t\t\t\n\t<span class=\"price\"><span class=\"woocommerce-Price-amount amount\"><bdi><span class=\"woocommerce-Price-currencySymbol\">&#36;<\/span>25.00<\/bdi><\/span><\/span>\n\t\t<\/div>\n\t<\/div>\n<\/li>\n<\/ul>\n<\/div>[\/vc_column][\/vc_row]<\/p>\n<\/div>","protected":false},"excerpt":{"rendered":"<p>[vc_row][vc_column width=\u00a0\u00bb1\/4&Prime;][\/vc_column][vc_column width=\u00a0\u00bb1\/2&Prime;][vc_widget_sidebar sidebar_id=\u00a0\u00bbwoocommerce_sidebar\u00a0\u00bb][\/vc_column][vc_column width=\u00a0\u00bb1\/4&Prime;][\/vc_column][\/vc_row][vc_row full_width=\u00a0\u00bbfalse\u00a0\u00bb row_responsive_large=\u00a0\u00bb\u00a0\u00bb row_responsive_medium=\u00a0\u00bb\u00a0\u00bb row_responsive_small=\u00a0\u00bb\u00a0\u00bb row_responsive_extra_small=\u00a0\u00bb\u00a0\u00bb dt_id=\u00a0\u00bb\u00a0\u00bb type=\u00a0\u00bb\u00a0\u00bb row_head_color=\u00a0\u00bb\u00a0\u00bb row_link_color=\u00a0\u00bb\u00a0\u00bb row_link_color_hover=\u00a0\u00bb\u00a0\u00bb same_height=\u00a0\u00bb\u00a0\u00bb animation=\u00a0\u00bb\u00a0\u00bb enable_parallax=\u00a0\u00bb\u00a0\u00bb parallax_speed=\u00a0\u00bb0.8&Prime; bg_video_color=\u00a0\u00bb\u00a0\u00bb bg_video_transparent=\u00a0\u00bb0&Prime; bg_video_src_mp4=\u00a0\u00bb\u00a0\u00bb bg_video_src_ogv=\u00a0\u00bb\u00a0\u00bb bg_video_src_webm=\u00a0\u00bb\u00a0\u00bb][vc_column column_responsive_large=\u00a0\u00bb\u00a0\u00bb column_responsive_medium=\u00a0\u00bb\u00a0\u00bb column_responsive_small=\u00a0\u00bb\u00a0\u00bb column_responsive_extra_small=\u00a0\u00bb\u00a0\u00bb column_2_responsive=\u00a0\u00bb\u00a0\u00bb animation=\u00a0\u00bb\u00a0\u00bb text_align=\u00a0\u00bb\u00a0\u00bb column_style=\u00a0\u00bb\u00a0\u00bb][\/vc_column][\/vc_row]<\/p>\n","protected":false},"author":1,"featured_media":1225,"parent":0,"menu_order":0,"comment_status":"closed","ping_status":"closed","template":"","meta":{"_exactmetrics_skip_tracking":false,"_exactmetrics_sitenote_active":false,"_exactmetrics_sitenote_note":"","_exactmetrics_sitenote_category":0,"footnotes":""},"class_list":["post-1574","page","type-page","status-publish","has-post-thumbnail","hentry"],"yoast_head":"<!-- This site is optimized with the Yoast SEO plugin v27.2 - https:\/\/yoast.com\/product\/yoast-seo-wordpress\/ -->\n<title>Restauration - Ceylonta<\/title>\n<meta name=\"robots\" content=\"index, follow, max-snippet:-1, max-image-preview:large, max-video-preview:-1\" \/>\n<link rel=\"canonical\" href=\"https:\/\/ceylonta.ca\/catering\/\" \/>\n<meta property=\"og:locale\" content=\"fr_FR\" \/>\n<meta property=\"og:type\" content=\"article\" \/>\n<meta property=\"og:title\" content=\"Restauration - Ceylonta\" \/>\n<meta property=\"og:description\" content=\"[vc_row][vc_column width=\u00a0\u00bb1\/4&Prime;][\/vc_column][vc_column width=\u00a0\u00bb1\/2&Prime;][vc_widget_sidebar sidebar_id=\u00a0\u00bbwoocommerce_sidebar\u00a0\u00bb][\/vc_column][vc_column width=\u00a0\u00bb1\/4&Prime;][\/vc_column][\/vc_row][vc_row full_width=\u00a0\u00bbfalse\u00a0\u00bb row_responsive_large=\u00a0\u00bb\u00a0\u00bb row_responsive_medium=\u00a0\u00bb\u00a0\u00bb row_responsive_small=\u00a0\u00bb\u00a0\u00bb row_responsive_extra_small=\u00a0\u00bb\u00a0\u00bb dt_id=\u00a0\u00bb\u00a0\u00bb type=\u00a0\u00bb\u00a0\u00bb row_head_color=\u00a0\u00bb\u00a0\u00bb row_link_color=\u00a0\u00bb\u00a0\u00bb row_link_color_hover=\u00a0\u00bb\u00a0\u00bb same_height=\u00a0\u00bb\u00a0\u00bb animation=\u00a0\u00bb\u00a0\u00bb enable_parallax=\u00a0\u00bb\u00a0\u00bb parallax_speed=\u00a0\u00bb0.8&Prime; bg_video_color=\u00a0\u00bb\u00a0\u00bb bg_video_transparent=\u00a0\u00bb0&Prime; bg_video_src_mp4=\u00a0\u00bb\u00a0\u00bb bg_video_src_ogv=\u00a0\u00bb\u00a0\u00bb bg_video_src_webm=\u00a0\u00bb\u00a0\u00bb][vc_column column_responsive_large=\u00a0\u00bb\u00a0\u00bb column_responsive_medium=\u00a0\u00bb\u00a0\u00bb column_responsive_small=\u00a0\u00bb\u00a0\u00bb column_responsive_extra_small=\u00a0\u00bb\u00a0\u00bb column_2_responsive=\u00a0\u00bb\u00a0\u00bb animation=\u00a0\u00bb\u00a0\u00bb text_align=\u00a0\u00bb\u00a0\u00bb column_style=\u00a0\u00bb\u00a0\u00bb][\/vc_column][\/vc_row]\" \/>\n<meta property=\"og:url\" content=\"https:\/\/ceylonta.ca\/catering\/\" \/>\n<meta property=\"og:site_name\" content=\"Ceylonta\" \/>\n<meta property=\"article:modified_time\" content=\"2016-06-20T10:51:18+00:00\" \/>\n<meta property=\"og:image\" content=\"https:\/\/ceylonta.ca\/wp-content\/uploads\/2015\/05\/biriyani.jpg\" \/>\n\t<meta property=\"og:image:width\" content=\"1759\" \/>\n\t<meta property=\"og:image:height\" content=\"1200\" \/>\n\t<meta property=\"og:image:type\" content=\"image\/jpeg\" \/>\n<meta name=\"twitter:card\" content=\"summary_large_image\" \/>\n<meta name=\"twitter:label1\" content=\"Dur\u00e9e de lecture estim\u00e9e\" \/>\n\t<meta name=\"twitter:data1\" content=\"1 minute\" \/>\n<script type=\"application\/ld+json\" class=\"yoast-schema-graph\">{\"@context\":\"https:\/\/schema.org\",\"@graph\":[{\"@type\":\"WebPage\",\"@id\":\"https:\/\/ceylonta.ca\/catering\/\",\"url\":\"https:\/\/ceylonta.ca\/catering\/\",\"name\":\"Restauration - Ceylonta\",\"isPartOf\":{\"@id\":\"https:\/\/ceylonta.ca\/en\/#website\"},\"primaryImageOfPage\":{\"@id\":\"https:\/\/ceylonta.ca\/catering\/#primaryimage\"},\"image\":{\"@id\":\"https:\/\/ceylonta.ca\/catering\/#primaryimage\"},\"thumbnailUrl\":\"https:\/\/ceylonta.ca\/wp-content\/uploads\/2015\/05\/biriyani.jpg\",\"datePublished\":\"2014-10-21T09:10:25+00:00\",\"dateModified\":\"2016-06-20T10:51:18+00:00\",\"breadcrumb\":{\"@id\":\"https:\/\/ceylonta.ca\/catering\/#breadcrumb\"},\"inLanguage\":\"fr-FR\",\"potentialAction\":[{\"@type\":\"ReadAction\",\"target\":[\"https:\/\/ceylonta.ca\/catering\/\"]}]},{\"@type\":\"ImageObject\",\"inLanguage\":\"fr-FR\",\"@id\":\"https:\/\/ceylonta.ca\/catering\/#primaryimage\",\"url\":\"https:\/\/ceylonta.ca\/wp-content\/uploads\/2015\/05\/biriyani.jpg\",\"contentUrl\":\"https:\/\/ceylonta.ca\/wp-content\/uploads\/2015\/05\/biriyani.jpg\",\"width\":1759,\"height\":1200},{\"@type\":\"BreadcrumbList\",\"@id\":\"https:\/\/ceylonta.ca\/catering\/#breadcrumb\",\"itemListElement\":[{\"@type\":\"ListItem\",\"position\":1,\"name\":\"Home\",\"item\":\"https:\/\/ceylonta.ca\/\"},{\"@type\":\"ListItem\",\"position\":2,\"name\":\"Catering\"}]},{\"@type\":\"WebSite\",\"@id\":\"https:\/\/ceylonta.ca\/en\/#website\",\"url\":\"https:\/\/ceylonta.ca\/en\/\",\"name\":\"Ceylonta\",\"description\":\"a restaurant serving Sri Lankan food.\",\"potentialAction\":[{\"@type\":\"SearchAction\",\"target\":{\"@type\":\"EntryPoint\",\"urlTemplate\":\"https:\/\/ceylonta.ca\/en\/?s={search_term_string}\"},\"query-input\":{\"@type\":\"PropertyValueSpecification\",\"valueRequired\":true,\"valueName\":\"search_term_string\"}}],\"inLanguage\":\"fr-FR\"}]}<\/script>\n<!-- \/ Yoast SEO plugin. -->","yoast_head_json":{"title":"Restauration - Ceylonta","robots":{"index":"index","follow":"follow","max-snippet":"max-snippet:-1","max-image-preview":"max-image-preview:large","max-video-preview":"max-video-preview:-1"},"canonical":"https:\/\/ceylonta.ca\/catering\/","og_locale":"fr_FR","og_type":"article","og_title":"Restauration - Ceylonta","og_description":"[vc_row][vc_column width=\u00a0\u00bb1\/4&Prime;][\/vc_column][vc_column width=\u00a0\u00bb1\/2&Prime;][vc_widget_sidebar sidebar_id=\u00a0\u00bbwoocommerce_sidebar\u00a0\u00bb][\/vc_column][vc_column width=\u00a0\u00bb1\/4&Prime;][\/vc_column][\/vc_row][vc_row full_width=\u00a0\u00bbfalse\u00a0\u00bb row_responsive_large=\u00a0\u00bb\u00a0\u00bb row_responsive_medium=\u00a0\u00bb\u00a0\u00bb row_responsive_small=\u00a0\u00bb\u00a0\u00bb row_responsive_extra_small=\u00a0\u00bb\u00a0\u00bb dt_id=\u00a0\u00bb\u00a0\u00bb type=\u00a0\u00bb\u00a0\u00bb row_head_color=\u00a0\u00bb\u00a0\u00bb row_link_color=\u00a0\u00bb\u00a0\u00bb row_link_color_hover=\u00a0\u00bb\u00a0\u00bb same_height=\u00a0\u00bb\u00a0\u00bb animation=\u00a0\u00bb\u00a0\u00bb enable_parallax=\u00a0\u00bb\u00a0\u00bb parallax_speed=\u00a0\u00bb0.8&Prime; bg_video_color=\u00a0\u00bb\u00a0\u00bb bg_video_transparent=\u00a0\u00bb0&Prime; bg_video_src_mp4=\u00a0\u00bb\u00a0\u00bb bg_video_src_ogv=\u00a0\u00bb\u00a0\u00bb bg_video_src_webm=\u00a0\u00bb\u00a0\u00bb][vc_column column_responsive_large=\u00a0\u00bb\u00a0\u00bb column_responsive_medium=\u00a0\u00bb\u00a0\u00bb column_responsive_small=\u00a0\u00bb\u00a0\u00bb column_responsive_extra_small=\u00a0\u00bb\u00a0\u00bb column_2_responsive=\u00a0\u00bb\u00a0\u00bb animation=\u00a0\u00bb\u00a0\u00bb text_align=\u00a0\u00bb\u00a0\u00bb column_style=\u00a0\u00bb\u00a0\u00bb][\/vc_column][\/vc_row]","og_url":"https:\/\/ceylonta.ca\/catering\/","og_site_name":"Ceylonta","article_modified_time":"2016-06-20T10:51:18+00:00","og_image":[{"width":1759,"height":1200,"url":"https:\/\/ceylonta.ca\/wp-content\/uploads\/2015\/05\/biriyani.jpg","type":"image\/jpeg"}],"twitter_card":"summary_large_image","twitter_misc":{"Dur\u00e9e de lecture estim\u00e9e":"1 minute"},"schema":{"@context":"https:\/\/schema.org","@graph":[{"@type":"WebPage","@id":"https:\/\/ceylonta.ca\/catering\/","url":"https:\/\/ceylonta.ca\/catering\/","name":"Restauration - Ceylonta","isPartOf":{"@id":"https:\/\/ceylonta.ca\/en\/#website"},"primaryImageOfPage":{"@id":"https:\/\/ceylonta.ca\/catering\/#primaryimage"},"image":{"@id":"https:\/\/ceylonta.ca\/catering\/#primaryimage"},"thumbnailUrl":"https:\/\/ceylonta.ca\/wp-content\/uploads\/2015\/05\/biriyani.jpg","datePublished":"2014-10-21T09:10:25+00:00","dateModified":"2016-06-20T10:51:18+00:00","breadcrumb":{"@id":"https:\/\/ceylonta.ca\/catering\/#breadcrumb"},"inLanguage":"fr-FR","potentialAction":[{"@type":"ReadAction","target":["https:\/\/ceylonta.ca\/catering\/"]}]},{"@type":"ImageObject","inLanguage":"fr-FR","@id":"https:\/\/ceylonta.ca\/catering\/#primaryimage","url":"https:\/\/ceylonta.ca\/wp-content\/uploads\/2015\/05\/biriyani.jpg","contentUrl":"https:\/\/ceylonta.ca\/wp-content\/uploads\/2015\/05\/biriyani.jpg","width":1759,"height":1200},{"@type":"BreadcrumbList","@id":"https:\/\/ceylonta.ca\/catering\/#breadcrumb","itemListElement":[{"@type":"ListItem","position":1,"name":"Home","item":"https:\/\/ceylonta.ca\/"},{"@type":"ListItem","position":2,"name":"Catering"}]},{"@type":"WebSite","@id":"https:\/\/ceylonta.ca\/en\/#website","url":"https:\/\/ceylonta.ca\/en\/","name":"Ceylonta","description":"a restaurant serving Sri Lankan food.","potentialAction":[{"@type":"SearchAction","target":{"@type":"EntryPoint","urlTemplate":"https:\/\/ceylonta.ca\/en\/?s={search_term_string}"},"query-input":{"@type":"PropertyValueSpecification","valueRequired":true,"valueName":"search_term_string"}}],"inLanguage":"fr-FR"}]}},"_links":{"self":[{"href":"https:\/\/ceylonta.ca\/fr\/wp-json\/wp\/v2\/pages\/1574","targetHints":{"allow":["GET"]}}],"collection":[{"href":"https:\/\/ceylonta.ca\/fr\/wp-json\/wp\/v2\/pages"}],"about":[{"href":"https:\/\/ceylonta.ca\/fr\/wp-json\/wp\/v2\/types\/page"}],"author":[{"embeddable":true,"href":"https:\/\/ceylonta.ca\/fr\/wp-json\/wp\/v2\/users\/1"}],"replies":[{"embeddable":true,"href":"https:\/\/ceylonta.ca\/fr\/wp-json\/wp\/v2\/comments?post=1574"}],"version-history":[{"count":11,"href":"https:\/\/ceylonta.ca\/fr\/wp-json\/wp\/v2\/pages\/1574\/revisions"}],"predecessor-version":[{"id":2645,"href":"https:\/\/ceylonta.ca\/fr\/wp-json\/wp\/v2\/pages\/1574\/revisions\/2645"}],"wp:featuredmedia":[{"embeddable":true,"href":"https:\/\/ceylonta.ca\/fr\/wp-json\/wp\/v2\/media\/1225"}],"wp:attachment":[{"href":"https:\/\/ceylonta.ca\/fr\/wp-json\/wp\/v2\/media?parent=1574"}],"curies":[{"name":"wp","href":"https:\/\/api.w.org\/{rel}","templated":true}]}}